{"id":8979,"date":"2025-10-02T10:04:04","date_gmt":"2025-10-02T10:04:04","guid":{"rendered":"https:\/\/huesoaceituna.com\/?page_id=8979"},"modified":"2025-10-02T15:39:45","modified_gmt":"2025-10-02T15:39:45","slug":"subproductos-agricolas","status":"publish","type":"page","link":"https:\/\/huesoaceituna.com\/en\/sectores\/subproductos-agricolas\/","title":{"rendered":"Subproductos Agr\u00edcolas"},"content":{"rendered":"<p>[et_pb_section fb_built=\u00bb1&#8243; custom_padding_last_edited=\u00bbon|phone\u00bb _builder_version=\u00bb4.27.4&#8243; _module_preset=\u00bbdefault\u00bb background_enable_color=\u00bboff\u00bb use_background_color_gradient=\u00bbon\u00bb background_color_gradient_direction=\u00bb96deg\u00bb background_color_gradient_stops=\u00bbrgba(255,255,255,0) 0%|#4d6f39 57%\u00bb background_image=\u00bbhttps:\/\/huesoaceituna.com\/wp-content\/uploads\/2025\/10\/Subproductos-agricolas-2.jpg\u00bb background_blend=\u00bbmultiply\u00bb custom_padding=\u00bb10%||10%||true|false\u00bb custom_padding_tablet=\u00bb10%||10%||true|false\u00bb custom_padding_phone=\u00bb35%||35%||true|false\u00bb background_last_edited=\u00bbon|phone\u00bb background_size_phone=\u00bbcover\u00bb background_position_phone=\u00bbcenter_left\u00bb global_colors_info=\u00bb{}\u00bb][et_pb_row _builder_version=\u00bb4.27.4&#8243; _module_preset=\u00bbdefault\u00bb global_colors_info=\u00bb{}\u00bb][et_pb_column type=\u00bb4_4&#8243; _builder_version=\u00bb4.27.4&#8243; _module_preset=\u00bbdefault\u00bb global_colors_info=\u00bb{}\u00bb][et_pb_text _builder_version=\u00bb4.27.4&#8243; _module_preset=\u00bbdefault\u00bb header_font=\u00bb|700||on|||||\u00bb header_text_align=\u00bbcenter\u00bb header_text_color=\u00bb#DCC045&#8243; header_font_size=\u00bb45px\u00bb header_3_font=\u00bb|300||on|||||\u00bb header_3_text_align=\u00bbcenter\u00bb header_3_text_color=\u00bb#DCC045&#8243; header_3_font_size=\u00bb40px\u00bb custom_margin=\u00bb||-12px||false|false\u00bb header_3_font_size_tablet=\u00bb40px\u00bb header_3_font_size_phone=\u00bb35px\u00bb header_3_font_size_last_edited=\u00bbon|phone\u00bb locked=\u00bboff\u00bb global_colors_info=\u00bb{}\u00bb]<\/p>\n<h3>Soluciones de secado<\/h3>\n<p>[\/et_pb_text][et_pb_text _builder_version=\u00bb4.27.4&#8243; _module_preset=\u00bbdefault\u00bb header_font=\u00bb|700||on|||||\u00bb header_text_align=\u00bbcenter\u00bb header_text_color=\u00bb#DCC045&#8243; header_font_size=\u00bb45px\u00bb header_3_font=\u00bb|700||on|||||\u00bb header_3_text_align=\u00bbcenter\u00bb header_3_text_color=\u00bb#DCC045&#8243; header_3_font_size=\u00bb40px\u00bb custom_margin=\u00bb||-12px||false|false\u00bb header_font_size_tablet=\u00bb45px\u00bb header_font_size_phone=\u00bb33px\u00bb header_font_size_last_edited=\u00bbon|phone\u00bb locked=\u00bboff\u00bb global_colors_info=\u00bb{}\u00bb]<\/p>\n<h1>para Subproductos Agr\u00edcolas<\/h1>\n<p>[\/et_pb_text][\/et_pb_column][\/et_pb_row][\/et_pb_section][et_pb_section fb_built=\u00bb1&#8243; _builder_version=\u00bb4.27.4&#8243; _module_preset=\u00bbdefault\u00bb background_enable_image=\u00bboff\u00bb background_size=\u00bbcustom\u00bb background_image_height=\u00bb100%\u00bb background_position=\u00bbcenter_right\u00bb background_horizontal_offset=\u00bb8%\u00bb custom_padding=\u00bb||0px||false|false\u00bb global_colors_info=\u00bb{}\u00bb][et_pb_row column_structure=\u00bb1_2,1_2&#8243; use_custom_gutter=\u00bbon\u00bb gutter_width=\u00bb3&#8243; make_equal=\u00bbon\u00bb _builder_version=\u00bb4.27.4&#8243; _module_preset=\u00bbdefault\u00bb locked=\u00bboff\u00bb global_colors_info=\u00bb{}\u00bb][et_pb_column type=\u00bb1_2&#8243; _builder_version=\u00bb4.27.4&#8243; _module_preset=\u00bbdefault\u00bb animation_direction=\u00bbleft\u00bb global_colors_info=\u00bb{}\u00bb][et_pb_text _builder_version=\u00bb4.27.4&#8243; _module_preset=\u00bbdefault\u00bb text_text_color=\u00bb#040405&#8243; text_font_size=\u00bb36px\u00bb text_line_height=\u00bb1.1em\u00bb animation_style=\u00bbslide\u00bb animation_direction=\u00bbleft\u00bb animation_duration=\u00bb500ms\u00bb global_colors_info=\u00bb{}\u00bb]<\/p>\n<p>Transformamos <span style=\"color: #dcc045;\">pulpa, paja, forrajes, c\u00e1scaras de arroz, ma\u00edz y cereales<\/span> en recursos \u00fatiles y estables. Con nuestros secaderos, lo que antes era un residuo se convierte en materia prima aprovechable para alimentaci\u00f3n animal, energ\u00eda o nuevas aplicaciones industriales.<\/p>\n<p>[\/et_pb_text][et_pb_text _builder_version=\u00bb4.27.4&#8243; _module_preset=\u00bbdefault\u00bb text_font=\u00bb|700||on|||||\u00bb text_text_color=\u00bb#4D6F39&#8243; text_font_size=\u00bb27px\u00bb header_2_font=\u00bb|600|||||||\u00bb header_2_text_color=\u00bb#4D6F39&#8243; custom_margin=\u00bb||1px||false|false\u00bb animation_style=\u00bbslide\u00bb animation_direction=\u00bbleft\u00bb animation_duration=\u00bb600ms\u00bb animation_intensity_slide=\u00bb18%\u00bb global_colors_info=\u00bb{}\u00bb]<\/p>\n<h2>Subproductos Agr\u00edcolas: soluciones de secado a medida<\/h2>\n<p>[\/et_pb_text][et_pb_text _builder_version=\u00bb4.27.4&#8243; _module_preset=\u00bbdefault\u00bb text_font=\u00bb|300|||||||\u00bb text_text_color=\u00bb#040405&#8243; text_font_size=\u00bb25px\u00bb text_line_height=\u00bb1.2em\u00bb animation_style=\u00bbslide\u00bb animation_direction=\u00bbbottom\u00bb animation_duration=\u00bb750ms\u00bb animation_intensity_slide=\u00bb19%\u00bb global_colors_info=\u00bb{}\u00bb]<\/p>\n<p>El campo genera cada campa\u00f1a una enorme cantidad de subproductos \u2014pulpa, paja, forrajes, c\u00e1scaras de arroz, ma\u00edz o cereales\u2014 que, sin el tratamiento adecuado, suponen un problema de gesti\u00f3n y almacenamiento.<\/p>\n<p>En <strong data-start=\"519\" data-end=\"543\">Secaderos de la Loma<\/strong> ofrecemos tecnolog\u00edas de secado industrial que convierten estos residuos en materiales estables, f\u00e1ciles de conservar y listos para ser revalorizados.<\/p>\n<p>[\/et_pb_text][et_pb_image src=\u00bbhttps:\/\/huesoaceituna.com\/wp-content\/uploads\/2025\/10\/Secadero-de-pulpa-2.jpg\u00bb title_text=\u00bbSecadero de pulpa \u00bb _builder_version=\u00bb4.27.4&#8243; _module_preset=\u00bbdefault\u00bb animation_style=\u00bbslide\u00bb animation_direction=\u00bbleft\u00bb animation_duration=\u00bb650ms\u00bb animation_intensity_slide=\u00bb22%\u00bb global_colors_info=\u00bb{}\u00bb][\/et_pb_image][\/et_pb_column][et_pb_column type=\u00bb1_2&#8243; _builder_version=\u00bb4.27.4&#8243; _module_preset=\u00bbdefault\u00bb global_colors_info=\u00bb{}\u00bb][et_pb_image src=\u00bbhttps:\/\/huesoaceituna.com\/wp-content\/uploads\/2025\/10\/Secadora-de-pulpa.jpg\u00bb title_text=\u00bbSecadora de pulpa\u00bb align=\u00bbcenter\u00bb _builder_version=\u00bb4.27.4&#8243; _module_preset=\u00bbdefault\u00bb width_tablet=\u00bb80%\u00bb width_phone=\u00bb100%\u00bb width_last_edited=\u00bbon|phone\u00bb animation_style=\u00bbslide\u00bb animation_direction=\u00bbbottom\u00bb animation_intensity_slide=\u00bb15%\u00bb global_colors_info=\u00bb{}\u00bb][\/et_pb_image][\/et_pb_column][\/et_pb_row][\/et_pb_section][et_pb_section fb_built=\u00bb1&#8243; _builder_version=\u00bb4.27.4&#8243; _module_preset=\u00bbdefault\u00bb width_tablet=\u00bb\u00bb width_phone=\u00bb100%\u00bb width_last_edited=\u00bbon|phone\u00bb global_colors_info=\u00bb{}\u00bb][et_pb_row column_structure=\u00bb1_3,2_3&#8243; use_custom_gutter=\u00bbon\u00bb gutter_width=\u00bb1&#8243; make_equal=\u00bbon\u00bb _builder_version=\u00bb4.27.4&#8243; _module_preset=\u00bbdefault\u00bb position_origin_a=\u00bbtop_center\u00bb position_origin_r=\u00bbtop_right\u00bb vertical_offset=\u00bb35px\u00bb z_index=\u00bb999&#8243; vertical_offset_tablet=\u00bb415px\u00bb vertical_offset_phone=\u00bb0px\u00bb vertical_offset_last_edited=\u00bbon|phone\u00bb position_origin_a_tablet=\u00bbtop_center\u00bb position_origin_a_phone=\u00bbtop_center\u00bb position_origin_a_last_edited=\u00bbon|phone\u00bb position_origin_f_tablet=\u00bb\u00bb position_origin_f_phone=\u00bb\u00bb position_origin_f_last_edited=\u00bbon|phone\u00bb position_origin_r_tablet=\u00bb\u00bb position_origin_r_phone=\u00bb\u00bb position_origin_r_last_edited=\u00bbon|phone\u00bb width=\u00bb100%\u00bb max_width=\u00bb100%\u00bb custom_margin=\u00bb-281px||0px||false|false\u00bb custom_padding=\u00bb0px||0px||false|false\u00bb animation_direction=\u00bbright\u00bb scroll_vertical_motion_enable=\u00bbon\u00bb positioning_tablet=\u00bbabsolute\u00bb positioning_phone=\u00bbrelative\u00bb positioning_last_edited=\u00bbon|phone\u00bb locked=\u00bboff\u00bb global_colors_info=\u00bb{}\u00bb][et_pb_column type=\u00bb1_3&#8243; _builder_version=\u00bb4.27.4&#8243; _module_preset=\u00bbdefault\u00bb global_colors_info=\u00bb{}\u00bb][\/et_pb_column][et_pb_column type=\u00bb2_3&#8243; _builder_version=\u00bb4.27.4&#8243; _module_preset=\u00bbdefault\u00bb background_color=\u00bb#4D6F39&#8243; custom_padding=\u00bb4%|5%|4%|10%|true|false\u00bb custom_padding_tablet=\u00bb8%|15%|8%|5%|true|false\u00bb custom_padding_phone=\u00bb10%|10%|10%|10%|true|true\u00bb custom_padding_last_edited=\u00bbon|phone\u00bb animation_direction=\u00bbright\u00bb scroll_vertical_motion=\u00bb0|50|50|100|1|0|-2&#8243; global_colors_info=\u00bb{}\u00bb][et_pb_text _builder_version=\u00bb4.27.4&#8243; _module_preset=\u00bbaa6e86ed-c748-4134-9b63-06e5424bf11c\u00bb text_font=\u00bb|||on|||||\u00bb text_text_color=\u00bb#FFFFFF\u00bb text_font_size=\u00bb26px\u00bb header_font=\u00bb|600||on|||||\u00bb header_text_color=\u00bb#FFFFFF\u00bb header_font_size=\u00bb55px\u00bb header_2_font=\u00bb|600||on|||||\u00bb header_2_text_color=\u00bb#FFFFFF\u00bb header_2_font_size=\u00bb40px\u00bb header_2_line_height=\u00bb1em\u00bb custom_margin=\u00bb||20px||false|false\u00bb animation_style=\u00bbslide\u00bb animation_direction=\u00bbright\u00bb animation_duration=\u00bb500ms\u00bb animation_intensity_slide=\u00bb20%\u00bb locked=\u00bboff\u00bb global_colors_info=\u00bb{}\u00bb]<\/p>\n<h2>Beneficios de nuestro secado de subproductos agr\u00edcolas<\/h2>\n<p>[\/et_pb_text][et_pb_blurb content_max_width=\u00bb1920px\u00bb _builder_version=\u00bb4.27.4&#8243; _module_preset=\u00bbdefault\u00bb header_font=\u00bb|600||on|||||\u00bb header_text_color=\u00bb#DCC045&#8243; header_font_size=\u00bb28px\u00bb header_line_height=\u00bb0.5em\u00bb body_font=\u00bb|300|||||||\u00bb body_text_color=\u00bb#FFFFFF\u00bb body_font_size=\u00bb26px\u00bb body_line_height=\u00bb1.1em\u00bb custom_padding=\u00bb||30px||false|false\u00bb custom_padding_tablet=\u00bb||30px||false|false\u00bb custom_padding_phone=\u00bb||30px||false|false\u00bb custom_padding_last_edited=\u00bbon|desktop\u00bb animation_style=\u00bbslide\u00bb animation_direction=\u00bbright\u00bb animation_duration=\u00bb750ms\u00bb animation_intensity_slide=\u00bb32%\u00bb body_line_height_tablet=\u00bb1.6em\u00bb body_line_height_phone=\u00bb1.1em\u00bb body_line_height_last_edited=\u00bbon|phone\u00bb global_colors_info=\u00bb{}\u00bb]<\/p>\n<p><span style=\"color: #dcc045;\"><strong>Optimizaci\u00f3n de la materia prima:<\/strong><\/span> El secado reduce la humedad, mejora la calidad y evita fermentaciones o p\u00e9rdidas de producto.<\/p>\n<p>[\/et_pb_blurb][et_pb_blurb content_max_width=\u00bb1920px\u00bb _builder_version=\u00bb4.27.4&#8243; _module_preset=\u00bbdefault\u00bb header_font=\u00bb|600||on|||||\u00bb header_text_color=\u00bb#DCC045&#8243; header_font_size=\u00bb28px\u00bb header_line_height=\u00bb0.5em\u00bb body_font=\u00bb|300|||||||\u00bb body_text_color=\u00bb#FFFFFF\u00bb body_font_size=\u00bb26px\u00bb body_line_height=\u00bb1.1em\u00bb custom_padding=\u00bb||30px||false|false\u00bb custom_padding_tablet=\u00bb||30px||false|false\u00bb custom_padding_phone=\u00bb||30px||false|false\u00bb custom_padding_last_edited=\u00bbon|desktop\u00bb animation_style=\u00bbslide\u00bb animation_direction=\u00bbright\u00bb animation_duration=\u00bb750ms\u00bb animation_intensity_slide=\u00bb32%\u00bb body_line_height_tablet=\u00bb1.6em\u00bb body_line_height_phone=\u00bb1.1em\u00bb body_line_height_last_edited=\u00bbon|phone\u00bb global_colors_info=\u00bb{}\u00bb]<\/p>\n<p><span style=\"color: #dcc045;\"><strong>Versatilidad de aplicaciones:<\/strong><\/span> Los subproductos se convierten en recursos para alimentaci\u00f3n animal, biomasa energ\u00e9tica o insumos para nuevas industrias.<\/p>\n<p>[\/et_pb_blurb][et_pb_blurb content_max_width=\u00bb1920px\u00bb _builder_version=\u00bb4.27.4&#8243; _module_preset=\u00bbdefault\u00bb header_font=\u00bb|600||on|||||\u00bb header_text_color=\u00bb#DCC045&#8243; header_font_size=\u00bb28px\u00bb header_line_height=\u00bb0.5em\u00bb body_font=\u00bb|300|||||||\u00bb body_text_color=\u00bb#FFFFFF\u00bb body_font_size=\u00bb26px\u00bb body_line_height=\u00bb1.1em\u00bb custom_padding=\u00bb||30px||false|false\u00bb custom_padding_tablet=\u00bb||30px||false|false\u00bb custom_padding_phone=\u00bb||30px||false|false\u00bb custom_padding_last_edited=\u00bbon|desktop\u00bb animation_style=\u00bbslide\u00bb animation_direction=\u00bbright\u00bb animation_duration=\u00bb750ms\u00bb animation_intensity_slide=\u00bb32%\u00bb body_line_height_tablet=\u00bb1.6em\u00bb body_line_height_phone=\u00bb1.1em\u00bb body_line_height_last_edited=\u00bbon|phone\u00bb global_colors_info=\u00bb{}\u00bb]<span style=\"color: #dcc045;\"><strong>Ahorro y sostenibilidad:<\/strong><\/span> Menos costes de almacenamiento, reducci\u00f3n de desperdicios y contribuci\u00f3n directa a la econom\u00eda circular.[\/et_pb_blurb][et_pb_blurb content_max_width=\u00bb1920px\u00bb _builder_version=\u00bb4.27.4&#8243; _module_preset=\u00bbdefault\u00bb header_font=\u00bb|600||on|||||\u00bb header_text_color=\u00bb#DCC045&#8243; header_font_size=\u00bb28px\u00bb header_line_height=\u00bb0.5em\u00bb body_font=\u00bb|300|||||||\u00bb body_text_color=\u00bb#FFFFFF\u00bb body_font_size=\u00bb26px\u00bb body_line_height=\u00bb1.1em\u00bb custom_padding=\u00bb||30px||false|false\u00bb custom_padding_tablet=\u00bb||30px||false|false\u00bb custom_padding_phone=\u00bb||30px||false|false\u00bb custom_padding_last_edited=\u00bbon|desktop\u00bb animation_style=\u00bbslide\u00bb animation_direction=\u00bbright\u00bb animation_duration=\u00bb750ms\u00bb animation_intensity_slide=\u00bb32%\u00bb body_line_height_tablet=\u00bb1.6em\u00bb body_line_height_phone=\u00bb1.1em\u00bb body_line_height_last_edited=\u00bbon|phone\u00bb global_colors_info=\u00bb{}\u00bb]<span style=\"color: #dcc045;\"><strong>Soluciones personalizadas:<\/strong><\/span> Adaptamos la tecnolog\u00eda al tipo de subproducto, volumen de producci\u00f3n y condiciones energ\u00e9ticas de cada cliente.[\/et_pb_blurb][\/et_pb_column][\/et_pb_row][\/et_pb_section][et_pb_section fb_built=\u00bb1&#8243; _builder_version=\u00bb4.27.4&#8243; _module_preset=\u00bbdefault\u00bb background_image=\u00bbhttps:\/\/huesoaceituna.com\/wp-content\/uploads\/2025\/10\/hermosa-naturaleza-retro-con-campo-2.jpg\u00bb parallax=\u00bbon\u00bb custom_margin=\u00bb-55px||0px||false|false\u00bb custom_padding=\u00bb9vh||42vh||false|false\u00bb global_colors_info=\u00bb{}\u00bb][et_pb_row _builder_version=\u00bb4.27.4&#8243; _module_preset=\u00bbdefault\u00bb width=\u00bb60%\u00bb width_tablet=\u00bb60%\u00bb width_phone=\u00bb95%\u00bb width_last_edited=\u00bbon|desktop\u00bb module_alignment=\u00bbcenter\u00bb custom_margin=\u00bb0px||0px||false|false\u00bb custom_padding=\u00bb0px||0px||false|false\u00bb scroll_vertical_motion_enable=\u00bbon\u00bb scroll_vertical_motion=\u00bb0|50|50|100|2|0|-1&#8243; global_colors_info=\u00bb{}\u00bb][et_pb_column type=\u00bb4_4&#8243; _builder_version=\u00bb4.27.4&#8243; _module_preset=\u00bbdefault\u00bb global_colors_info=\u00bb{}\u00bb][et_pb_text _builder_version=\u00bb4.27.4&#8243; _module_preset=\u00bbdefault\u00bb header_2_font=\u00bb|800||on|||||\u00bb header_2_text_align=\u00bbcenter\u00bb header_2_text_color=\u00bb#4D6F39&#8243; header_2_font_size=\u00bb60px\u00bb global_colors_info=\u00bb{}\u00bb]<\/p>\n<h2>Un paso hacia la econom\u00eda circular<\/h2>\n<p>[\/et_pb_text][et_pb_text _builder_version=\u00bb4.27.4&#8243; _module_preset=\u00bbdefault\u00bb text_text_color=\u00bb#4D6F39&#8243; text_font_size=\u00bb29px\u00bb text_line_height=\u00bb1.2em\u00bb header_2_font=\u00bb|600||on|||||\u00bb header_2_text_align=\u00bbcenter\u00bb header_2_text_color=\u00bb#4D6F39&#8243; header_2_font_size=\u00bb30px\u00bb text_orientation=\u00bbcenter\u00bb width=\u00bb70%\u00bb module_alignment=\u00bbcenter\u00bb global_colors_info=\u00bb{}\u00bb]<\/p>\n<p>Gracias a nuestros equipos de secado, agricultores, cooperativas y empresas agroindustriales pueden <strong data-start=\"1483\" data-end=\"1532\">dar una segunda vida a sus residuos agr\u00edcolas<\/strong>. Lo que antes era un coste de eliminaci\u00f3n, ahora se transforma en un activo rentable, alineado con las demandas del mercado y los objetivos de sostenibilidad.<\/p>\n<p>[\/et_pb_text][et_pb_button button_url=\u00bbhttps:\/\/huesoaceituna.com\/contacto\/\u00bb button_text=\u00bbSolicitar una demo sin compromiso\u00bb _builder_version=\u00bb4.27.4&#8243; _module_preset=\u00bbdefault\u00bb custom_button=\u00bbon\u00bb button_text_size=\u00bb24px\u00bb button_text_color=\u00bb#4A8D3D\u00bb button_bg_color=\u00bbRGBA(255,255,255,0)\u00bb button_border_width=\u00bb0px\u00bb button_border_radius=\u00bb0px\u00bb button_font=\u00bb|600||on|||||\u00bb button_icon=\u00bb&#x24;||divi||400&#8243; button_on_hover=\u00bboff\u00bb custom_padding=\u00bb|||0px|false|false\u00bb hover_enabled=\u00bb0&#8243; locked=\u00bboff\u00bb global_colors_info=\u00bb{}\u00bb custom_padding__hover_enabled=\u00bbon|hover\u00bb custom_padding__hover=\u00bb|||3px|false|false\u00bb button_text_color__hover_enabled=\u00bbon|hover\u00bb button_text_color__hover=\u00bb#4D6F39&#8243; button_alignment=\u00bbcenter\u00bb sticky_enabled=\u00bb0&#8243;][\/et_pb_button][\/et_pb_column][\/et_pb_row][\/et_pb_section]<\/p>\n","protected":false},"excerpt":{"rendered":"<p>Soluciones de secadopara Subproductos Agr\u00edcolasTransformamos pulpa, paja, forrajes, c\u00e1scaras de arroz, ma\u00edz y cereales en recursos \u00fatiles y estables. Con nuestros secaderos, lo que antes era un residuo se convierte en materia prima aprovechable para alimentaci\u00f3n animal, energ\u00eda o nuevas aplicaciones industriales.Subproductos Agr\u00edcolas: soluciones de secado a medidaEl campo genera cada campa\u00f1a una enorme cantidad [&hellip;]<\/p>\n","protected":false},"author":1,"featured_media":0,"parent":8360,"menu_order":0,"comment_status":"closed","ping_status":"closed","template":"","meta":{"_et_pb_use_builder":"on","_et_pb_old_content":"","_et_gb_content_width":"","inline_featured_image":false,"_joinchat":[],"footnotes":""},"dipi_cpt_category":[],"class_list":["post-8979","page","type-page","status-publish","hentry"],"_links":{"self":[{"href":"https:\/\/huesoaceituna.com\/en\/wp-json\/wp\/v2\/pages\/8979","targetHints":{"allow":["GET"]}}],"collection":[{"href":"https:\/\/huesoaceituna.com\/en\/wp-json\/wp\/v2\/pages"}],"about":[{"href":"https:\/\/huesoaceituna.com\/en\/wp-json\/wp\/v2\/types\/page"}],"author":[{"embeddable":true,"href":"https:\/\/huesoaceituna.com\/en\/wp-json\/wp\/v2\/users\/1"}],"replies":[{"embeddable":true,"href":"https:\/\/huesoaceituna.com\/en\/wp-json\/wp\/v2\/comments?post=8979"}],"version-history":[{"count":29,"href":"https:\/\/huesoaceituna.com\/en\/wp-json\/wp\/v2\/pages\/8979\/revisions"}],"predecessor-version":[{"id":9047,"href":"https:\/\/huesoaceituna.com\/en\/wp-json\/wp\/v2\/pages\/8979\/revisions\/9047"}],"up":[{"embeddable":true,"href":"https:\/\/huesoaceituna.com\/en\/wp-json\/wp\/v2\/pages\/8360"}],"wp:attachment":[{"href":"https:\/\/huesoaceituna.com\/en\/wp-json\/wp\/v2\/media?parent=8979"}],"wp:term":[{"taxonomy":"dipi_cpt_category","embeddable":true,"href":"https:\/\/huesoaceituna.com\/en\/wp-json\/wp\/v2\/dipi_cpt_category?post=8979"}],"curies":[{"name":"wp","href":"https:\/\/api.w.org\/{rel}","templated":true}]}}