{"id":6159,"date":"2024-04-02T14:54:14","date_gmt":"2024-04-02T14:54:14","guid":{"rendered":"https:\/\/huesoaceituna.com\/?page_id=6159"},"modified":"2025-02-24T11:19:11","modified_gmt":"2025-02-24T11:19:11","slug":"objetivo","status":"publish","type":"page","link":"https:\/\/huesoaceituna.com\/en\/objetivo\/","title":{"rendered":"Objetivo"},"content":{"rendered":"<p>[et_pb_section fb_built=\u00bb1&#8243; disabled_on=\u00bboff|off|off\u00bb module_class=\u00bbmascara\u00bb _builder_version=\u00bb4.24.2&#8243; _module_preset=\u00bbdefault\u00bb background_color=\u00bbRGBA(0,0,0,0)\u00bb background_image=\u00bbhttps:\/\/huesoaceituna.com\/wp-content\/uploads\/2022\/04\/adorno-1-1.png\u00bb background_position=\u00bbbottom_center\u00bb background_vertical_offset=\u00bb0%\u00bb width=\u00bb100%\u00bb max_width=\u00bb100%\u00bb module_alignment=\u00bbcenter\u00bb custom_margin=\u00bb||0px||false|false\u00bb custom_padding=\u00bb||||false|false\u00bb global_colors_info=\u00bb{}\u00bb][et_pb_row use_custom_gutter=\u00bbon\u00bb gutter_width=\u00bb2&#8243; make_equal=\u00bbon\u00bb _builder_version=\u00bb4.16&#8243; _module_preset=\u00bbdefault\u00bb background_enable_color=\u00bboff\u00bb width=\u00bb100%\u00bb max_width=\u00bb80%\u00bb module_alignment=\u00bbcenter\u00bb custom_margin=\u00bb||0px||false|false\u00bb custom_padding=\u00bb120px||0px||false|false\u00bb global_colors_info=\u00bb{}\u00bb][et_pb_column type=\u00bb4_4&#8243; _builder_version=\u00bb4.16&#8243; _module_preset=\u00bbdefault\u00bb global_colors_info=\u00bb{}\u00bb][et_pb_text _builder_version=\u00bb4.24.2&#8243; _module_preset=\u00bbdefault\u00bb text_text_color=\u00bb#FFFFFF\u00bb header_2_font=\u00bb|700|||||||\u00bb header_2_text_color=\u00bb#FFFFFF\u00bb header_2_font_size=\u00bb36px\u00bb width=\u00bb70%\u00bb global_colors_info=\u00bb{}\u00bb]<\/p>\n<h2 style=\"margin: 45px 0 15px 0;\">VISI\u00d3N<\/h2>\n<p>Siendo un fabricante de maquinaria dedicada a valorizar y rentabilizar subproductos producidos en las almazaras, nuestra visi\u00f3n profesional se centra en ser l\u00edderes en la innovaci\u00f3n y suministro de soluciones integrales y sostenibles. Nos enfocamos en transformar los desaf\u00edos ambientales y econ\u00f3micos de nuestros clientes productores en oportunidades de crecimiento y sustentabilidad, a trav\u00e9s de la implementaci\u00f3n de tecnolog\u00eda punta y procesos eficientes. Nuestra meta es empoderar a las almazaras para que maximicen el valor de cada subproducto, no solo como una forma de incrementar su rentabilidad, sino tambi\u00e9n para promover pr\u00e1cticas de producci\u00f3n m\u00e1s limpias y responsables con el medio ambiente.<\/p>\n<p>Nuestra misi\u00f3n es empoderar a las almazaras a trav\u00e9s de la innovaci\u00f3n, proporcionando soluciones de maquinaria y equipos avanzados dise\u00f1ados para valorizar y rentabilizar de manera eficiente todos los subproductos generados en sus procesos. Nos comprometemos a ofrecer tecnolog\u00edas punteras y servicios integrales que no solo mejoren la sostenibilidad y eficiencia de nuestras almazaras clientes, sino que tambi\u00e9n contribuyan a la protecci\u00f3n del medio ambiente y al desarrollo econ\u00f3mico sostenible.<\/p>\n<p>&nbsp;<\/p>\n<p>&nbsp;<\/p>\n<p>&nbsp;<\/p>\n<p>[\/et_pb_text][et_pb_gallery gallery_ids=\u00bb316,317,318,319,320,321,315,322,323,324&#8243; posts_number=\u00bb20&#8243; show_title_and_caption=\u00bboff\u00bb show_pagination=\u00bboff\u00bb zoom_icon_color=\u00bb#c9ba53&#8243; hover_overlay_color=\u00bbrgba(0,0,0,0.44)\u00bb disabled_on=\u00bbon|on|on\u00bb _builder_version=\u00bb4.16&#8243; _module_preset=\u00bbdefault\u00bb custom_margin=\u00bb80px||||false|false\u00bb disabled=\u00bbon\u00bb global_colors_info=\u00bb{}\u00bb][\/et_pb_gallery][\/et_pb_column][\/et_pb_row][\/et_pb_section][et_pb_section fb_built=\u00bb1&#8243; _builder_version=\u00bb4.24.2&#8243; _module_preset=\u00bbdefault\u00bb global_colors_info=\u00bb{}\u00bb][et_pb_row _builder_version=\u00bb4.24.2&#8243; _module_preset=\u00bbdefault\u00bb custom_margin=\u00bb|||10%|false|false\u00bb global_colors_info=\u00bb{}\u00bb][et_pb_column type=\u00bb4_4&#8243; _builder_version=\u00bb4.24.2&#8243; _module_preset=\u00bbdefault\u00bb global_colors_info=\u00bb{}\u00bb][et_pb_text _builder_version=\u00bb4.24.2&#8243; _module_preset=\u00bbdefault\u00bb global_colors_info=\u00bb{}\u00bb]<\/p>\n<ul>\n<li><strong>Proveer: Tecnolog\u00eda Avanzada y Eficiente<\/strong><\/li>\n<\/ul>\n<p>Suministrar maquinaria y equipos que est\u00e9n a la vanguardia de la tecnolog\u00eda, dise\u00f1ados espec\u00edficamente para procesar y transformar los subproductos de las almazaras en productos de alto valor agregado, de manera que se maximice la rentabilidad.<\/p>\n<ul>\n<li><strong>Promover: la Sostenibilidad<\/strong><\/li>\n<\/ul>\n<p>Contribuir activamente a la sostenibilidad ambiental al ofrecer soluciones que permitan a las almazaras reducir su huella de carbono, gestionar eficientemente sus residuos y aprovechar al m\u00e1ximo los recursos disponibles.<\/p>\n<ul>\n<li><strong>Ofrecer: Soluciones Personalizadas<\/strong><\/li>\n<\/ul>\n<p>Entender y atender las necesidades espec\u00edficas de cada almazara, proveyendo soluciones personalizadas y adaptativas que se alineen con sus objetivos de producci\u00f3n, sostenibilidad y rentabilidad.<strong>\u00a0<\/strong><\/p>\n<ul>\n<li><strong>Garantizar:\u00a0 Excelencia en el Servicio<\/strong><\/li>\n<\/ul>\n<p>Brindar un servicio excepcional en todas las etapas de la relaci\u00f3n con el cliente, desde la consulta inicial y la implementaci\u00f3n de la maquinaria hasta el soporte t\u00e9cnico y el mantenimiento posventa, asegurando la satisfacci\u00f3n y el \u00e9xito a largo plazo de nuestros clientes.<\/p>\n<ul>\n<li><strong>Fomentar la Innovaci\u00f3n y el Conocimiento<\/strong><\/li>\n<\/ul>\n<p>Invertir continuamente en investigaci\u00f3n y desarrollo para mejorar nuestras ofertas y descubrir nuevas aplicaciones para los subproductos de las almazaras, as\u00ed como proporcionar formaci\u00f3n y recursos educativos que enriquezcan el conocimiento y las habilidades de nuestros clientes<\/p>\n<p>[\/et_pb_text][\/et_pb_column][\/et_pb_row][\/et_pb_section][et_pb_section fb_built=\u00bb1&#8243; disabled_on=\u00bbon|on|on\u00bb _builder_version=\u00bb4.21.0&#8243; _module_preset=\u00bbdefault\u00bb background_color=\u00bbRGBA(0,0,0,0)\u00bb width=\u00bb100%\u00bb max_width=\u00bb100%\u00bb module_alignment=\u00bbcenter\u00bb custom_margin=\u00bb0px||0px||false|false\u00bb custom_padding=\u00bb0px||0px||false|false\u00bb disabled=\u00bbon\u00bb global_colors_info=\u00bb{}\u00bb][et_pb_row _builder_version=\u00bb4.21.0&#8243; _module_preset=\u00bbdefault\u00bb custom_margin=\u00bb0.8%|auto||12%|false|false\u00bb custom_margin_tablet=\u00bb0.8%|auto||12%|false|false\u00bb custom_margin_phone=\u00bb0.8%|auto||12%|false|false\u00bb custom_margin_last_edited=\u00bbon|desktop\u00bb custom_padding=\u00bb||||false|false\u00bb global_colors_info=\u00bb{}\u00bb][et_pb_column type=\u00bb4_4&#8243; _builder_version=\u00bb4.21.0&#8243; _module_preset=\u00bbdefault\u00bb global_colors_info=\u00bb{}\u00bb][et_pb_text _builder_version=\u00bb4.24.2&#8243; _module_preset=\u00bbdefault\u00bb custom_margin=\u00bb|||-13px|false|false\u00bb header_2_font_size_tablet=\u00bb\u00bb header_2_font_size_phone=\u00bb20px\u00bb header_2_font_size_last_edited=\u00bbon|tablet\u00bb global_colors_info=\u00bb{}\u00bb]<\/p>\n<h2 style=\"text-align: left;\"><strong>NUESTRA ESTRATEGIA DE MARKETING<\/strong><\/h2>\n<p>[\/et_pb_text][et_pb_button button_url=\u00bbhttps:\/\/huesoaceituna.com\/wp-content\/uploads\/2023\/06\/INFORME-SECADEROS-LA-LOMA.pdf\u00bb url_new_window=\u00bbon\u00bb button_text=\u00bbCON\u00d3CENOS\u00bb button_alignment=\u00bbleft\u00bb _builder_version=\u00bb4.24.2&#8243; _module_preset=\u00bbdefault\u00bb custom_button=\u00bbon\u00bb button_text_size=\u00bb25px\u00bb button_text_color=\u00bb#FFFFFF\u00bb button_bg_color=\u00bb#3a6b30&#8243; button_border_width=\u00bb2px\u00bb button_border_color=\u00bb#3a6b30&#8243; button_border_radius=\u00bb22px\u00bb button_icon=\u00bb&#xe101;||divi||400&#8243; custom_margin=\u00bb-19px|||-15px|false|false\u00bb button_text_size_tablet=\u00bb25px\u00bb button_text_size_phone=\u00bb16px\u00bb button_text_size_last_edited=\u00bbon|phone\u00bb global_colors_info=\u00bb{}\u00bb][\/et_pb_button][\/et_pb_column][\/et_pb_row][\/et_pb_section][et_pb_section fb_built=\u00bb1&#8243; _builder_version=\u00bb4.21.0&#8243; _module_preset=\u00bbdefault\u00bb background_color=\u00bbRGBA(0,0,0,0)\u00bb width=\u00bb100%\u00bb max_width=\u00bb100%\u00bb module_alignment=\u00bbcenter\u00bb min_height=\u00bb543.8px\u00bb custom_margin=\u00bb-12%||0px||false|false\u00bb custom_margin_tablet=\u00bb-57%||||false|false\u00bb custom_margin_phone=\u00bb-125%||||false|false\u00bb custom_margin_last_edited=\u00bbon|desktop\u00bb custom_padding=\u00bb0px||0px||false|false\u00bb global_colors_info=\u00bb{}\u00bb][et_pb_row disabled_on=\u00bboff|off|off\u00bb _builder_version=\u00bb4.16&#8243; _module_preset=\u00bbdefault\u00bb background_color=\u00bbRGBA(0,0,0,0)\u00bb width=\u00bb100%\u00bb max_width=\u00bb100%\u00bb module_alignment=\u00bbcenter\u00bb custom_margin=\u00bb0px||0px||false|false\u00bb custom_padding=\u00bb0px||0px||false|false\u00bb global_colors_info=\u00bb{}\u00bb][et_pb_column type=\u00bb4_4&#8243; _builder_version=\u00bb4.16&#8243; _module_preset=\u00bbdefault\u00bb background_color=\u00bbRGBA(0,0,0,0)\u00bb global_colors_info=\u00bb{}\u00bb][et_pb_image src=\u00bbhttps:\/\/huesoaceituna.com\/wp-content\/uploads\/2023\/06\/DECORACION.webp\u00bb title_text=\u00bbDECORACION\u00bb force_fullwidth=\u00bbon\u00bb _builder_version=\u00bb4.27.4&#8243; _module_preset=\u00bbdefault\u00bb background_color=\u00bbRGBA(0,0,0,0)\u00bb custom_margin=\u00bb100px||0px||false|false\u00bb custom_padding=\u00bb0px||0px||false|false\u00bb hover_enabled=\u00bb0&#8243; global_colors_info=\u00bb{}\u00bb sticky_enabled=\u00bb0&#8243;][\/et_pb_image][\/et_pb_column][\/et_pb_row][\/et_pb_section]<\/p>\n","protected":false},"excerpt":{"rendered":"<p>VISI\u00d3N Siendo un fabricante de maquinaria dedicada a valorizar y rentabilizar subproductos producidos en las almazaras, nuestra visi\u00f3n profesional se centra en ser l\u00edderes en la innovaci\u00f3n y suministro de soluciones integrales y sostenibles. Nos enfocamos en transformar los desaf\u00edos ambientales y econ\u00f3micos de nuestros clientes productores en oportunidades de crecimiento y sustentabilidad, a trav\u00e9s [&hellip;]<\/p>\n","protected":false},"author":1,"featured_media":0,"parent":0,"menu_order":0,"comment_status":"closed","ping_status":"closed","template":"","meta":{"_et_pb_use_builder":"on","_et_pb_old_content":"","_et_gb_content_width":"","inline_featured_image":false,"_joinchat":[],"footnotes":""},"dipi_cpt_category":[],"class_list":["post-6159","page","type-page","status-publish","hentry"],"_links":{"self":[{"href":"https:\/\/huesoaceituna.com\/en\/wp-json\/wp\/v2\/pages\/6159","targetHints":{"allow":["GET"]}}],"collection":[{"href":"https:\/\/huesoaceituna.com\/en\/wp-json\/wp\/v2\/pages"}],"about":[{"href":"https:\/\/huesoaceituna.com\/en\/wp-json\/wp\/v2\/types\/page"}],"author":[{"embeddable":true,"href":"https:\/\/huesoaceituna.com\/en\/wp-json\/wp\/v2\/users\/1"}],"replies":[{"embeddable":true,"href":"https:\/\/huesoaceituna.com\/en\/wp-json\/wp\/v2\/comments?post=6159"}],"version-history":[{"count":20,"href":"https:\/\/huesoaceituna.com\/en\/wp-json\/wp\/v2\/pages\/6159\/revisions"}],"predecessor-version":[{"id":7718,"href":"https:\/\/huesoaceituna.com\/en\/wp-json\/wp\/v2\/pages\/6159\/revisions\/7718"}],"wp:attachment":[{"href":"https:\/\/huesoaceituna.com\/en\/wp-json\/wp\/v2\/media?parent=6159"}],"wp:term":[{"taxonomy":"dipi_cpt_category","embeddable":true,"href":"https:\/\/huesoaceituna.com\/en\/wp-json\/wp\/v2\/dipi_cpt_category?post=6159"}],"curies":[{"name":"wp","href":"https:\/\/api.w.org\/{rel}","templated":true}]}}