{"id":309,"date":"2021-06-15T09:58:27","date_gmt":"2021-06-15T09:58:27","guid":{"rendered":"https:\/\/huesoaceituna.com\/?page_id=309"},"modified":"2025-08-28T04:44:23","modified_gmt":"2025-08-28T04:44:23","slug":"galeria","status":"publish","type":"page","link":"https:\/\/huesoaceituna.com\/en\/galeria\/","title":{"rendered":"Empresa"},"content":{"rendered":"<p>[et_pb_section fb_built=\u00bb1&#8243; _builder_version=\u00bb4.27.4&#8243; _module_preset=\u00bbdefault\u00bb background_color=\u00bb#103A1C\u00bb background_image=\u00bbhttps:\/\/huesoaceituna.com\/wp-content\/uploads\/2025\/08\/Principal-Secaderos-scaled.webp\u00bb background_blend=\u00bbmultiply\u00bb custom_padding=\u00bb10px||10px||true|false\u00bb global_colors_info=\u00bb{}\u00bb][et_pb_row _builder_version=\u00bb4.27.4&#8243; _module_preset=\u00bbdefault\u00bb width=\u00bb90%\u00bb global_colors_info=\u00bb{}\u00bb][et_pb_column type=\u00bb4_4&#8243; _builder_version=\u00bb4.27.4&#8243; _module_preset=\u00bbdefault\u00bb global_colors_info=\u00bb{}\u00bb][et_pb_text _builder_version=\u00bb4.27.4&#8243; _module_preset=\u00bb0142a424-02cf-448e-aa3d-52f808d4cf5c\u00bb header_font=\u00bb|600|||||||\u00bb header_text_color=\u00bb#FFFFFF\u00bb header_font_size=\u00bb55px\u00bb global_colors_info=\u00bb{}\u00bb]<\/p>\n<h1>Secadores de la Loma<\/h1>\n<p>[\/et_pb_text][\/et_pb_column][\/et_pb_row][\/et_pb_section][et_pb_section fb_built=\u00bb1&#8243; custom_padding_last_edited=\u00bbon|phone\u00bb _builder_version=\u00bb4.27.4&#8243; _module_preset=\u00bbdefault\u00bb background_image=\u00bbhttps:\/\/huesoaceituna.com\/wp-content\/uploads\/2025\/08\/maquinaria-scaled.jpg\u00bb background_size=\u00bbcontain\u00bb background_position=\u00bbtop_right\u00bb custom_padding=\u00bb4%||4%||true|false\u00bb custom_padding_tablet=\u00bb9%||9%||true|false\u00bb custom_padding_phone=\u00bb0%||0%||true|false\u00bb background_last_edited=\u00bbon|desktop\u00bb background_enable_image_phone=\u00bboff\u00bb locked=\u00bboff\u00bb global_colors_info=\u00bb{}\u00bb][et_pb_row column_structure=\u00bb1_2,1_2&#8243; use_custom_gutter=\u00bbon\u00bb gutter_width=\u00bb1&#8243; _builder_version=\u00bb4.27.4&#8243; _module_preset=\u00bbdefault\u00bb width=\u00bb100%\u00bb max_width=\u00bb100%\u00bb hover_enabled=\u00bb0&#8243; global_colors_info=\u00bb{}\u00bb sticky_enabled=\u00bb0&#8243;][et_pb_column type=\u00bb1_2&#8243; _builder_version=\u00bb4.27.4&#8243; _module_preset=\u00bbdefault\u00bb background_color=\u00bb#103A1C\u00bb custom_padding=\u00bb5%|5%|5%|5%|true|false\u00bb custom_padding_tablet=\u00bb8%|15%|8%|5%|true|false\u00bb custom_padding_phone=\u00bb10%|10%|10%|10%|true|true\u00bb custom_padding_last_edited=\u00bbon|phone\u00bb hover_enabled=\u00bb0&#8243; global_colors_info=\u00bb{}\u00bb sticky_enabled=\u00bb0&#8243;][et_pb_text _builder_version=\u00bb4.27.4&#8243; _module_preset=\u00bbdefault\u00bb text_font=\u00bb|300|||||||\u00bb text_text_color=\u00bb#FFFFFF\u00bb text_font_size=\u00bb24px\u00bb text_line_height=\u00bb1.3em\u00bb custom_margin=\u00bb||30px||false|false\u00bb locked=\u00bboff\u00bb global_colors_info=\u00bb{}\u00bb]<\/p>\n<p>Con sede en \u00dabeda SECADEROS DE LA LOMA surge de la experiencia acumulada durante los \u00faltimos 15 a\u00f1os de JOAQUIN MOLINA CHAMORRO en el sector de la biomasa en general y en concreto en la valorizaci\u00f3n del hueso de aceituna, destacando el SECADO, LIMPIEZA, ENVASADO, TRANSPORTE NEUMATICO Y CERTIFCACION.<\/p>\n<p>Este proyecto se forja, tras detectar el inter\u00e9s del sector por valorizar todos los subproductos generados en el proceso de fabricaci\u00f3n del aceite de oliva y en especial el hueso de aceituna para usos t\u00e9rmicos y otros.<\/p>\n<p>En estos quince a\u00f1os de experiencia se ha desarrollado un sistema de secado, limpieza y trasporte neum\u00e1tico \u00fanico en el mercado que se caracteriza por su alta producci\u00f3n, rendimiento, eficiencia y en definitiva rentabilidad. Esto hace que nuestros sistemas sean \u00fanicos en el mercado.<\/p>\n<p>La fabricaci\u00f3n de maquinaria y dispositivos la enfocamos en tres necesidades que el mercado demanda. Secaderos de hueso de aceituna, Limpiadoras de hueso de aceituna y el Sistema neum\u00e1tico de distribuci\u00f3n y transporte de hueso, tres campos muy necesarios para la valorizaci\u00f3n de este subproducto.<\/p>\n<p>Secaderos de la Loma fabrica sistemas compactos en kit, de f\u00e1cil instalaci\u00f3n y transporte, destacando la limpiadora de hueso m\u00f3vil, pensada para la limpieza de hueso en puertos y grandes consumidores que necesiten embarcar o consumir grandes cantidades hueso de aceituna limpio.<\/p>\n<p>Siendo posible desplazar la limpiadora a cualquier lugar para limpiar hueso donde sea necesario. (puertos, fabricas, grandes consumidores, almazaras, industriales. etc.)<\/p>\n<p>Para el secadero, formado en dos partes, de f\u00e1cil transporte e instalaci\u00f3n es pre-montado, cableado y probado en fabrica siendo enormemente fiable.<\/p>\n<p>Por \u00faltimo e sistema de distribuci\u00f3n y transporte neum\u00e1tico es construido con material anti desgaste de alta calidad, panificado milim\u00e9tricamente conseguimos una instalaci\u00f3n r\u00e1pida y exacta capaz de transportar la cantidad necesaria de hueso en las condiciones deseadas a la ubicaci\u00f3n exacta con decantaci\u00f3n precisa del acopio.<\/p>\n<p>[\/et_pb_text][\/et_pb_column][et_pb_column type=\u00bb1_2&#8243; _builder_version=\u00bb4.27.4&#8243; _module_preset=\u00bbdefault\u00bb global_colors_info=\u00bb{}\u00bb][et_pb_image src=\u00bbhttps:\/\/huesoaceituna.com\/wp-content\/uploads\/2025\/08\/maquinaria-scaled.jpg\u00bb title_text=\u00bbmaquinaria\u00bb disabled_on=\u00bboff|off|on\u00bb _builder_version=\u00bb4.27.4&#8243; _module_preset=\u00bbdefault\u00bb global_colors_info=\u00bb{}\u00bb][\/et_pb_image][\/et_pb_column][\/et_pb_row][\/et_pb_section][et_pb_section fb_built=\u00bb1&#8243; _builder_version=\u00bb4.27.4&#8243; _module_preset=\u00bbdefault\u00bb global_colors_info=\u00bb{}\u00bb][\/et_pb_section]<\/p>\n","protected":false},"excerpt":{"rendered":"<p>Secadores de la LomaCon sede en \u00dabeda SECADEROS DE LA LOMA surge de la experiencia acumulada durante los \u00faltimos 15 a\u00f1os de JOAQUIN MOLINA CHAMORRO en el sector de la biomasa en general y en concreto en la valorizaci\u00f3n del hueso de aceituna, destacando el SECADO, LIMPIEZA, ENVASADO, TRANSPORTE NEUMATICO Y CERTIFCACION. Este proyecto se [&hellip;]<\/p>\n","protected":false},"author":1,"featured_media":0,"parent":0,"menu_order":0,"comment_status":"closed","ping_status":"closed","template":"","meta":{"_et_pb_use_builder":"on","_et_pb_old_content":"","_et_gb_content_width":"","inline_featured_image":false,"_joinchat":[],"footnotes":""},"dipi_cpt_category":[],"class_list":["post-309","page","type-page","status-publish","hentry"],"_links":{"self":[{"href":"https:\/\/huesoaceituna.com\/en\/wp-json\/wp\/v2\/pages\/309","targetHints":{"allow":["GET"]}}],"collection":[{"href":"https:\/\/huesoaceituna.com\/en\/wp-json\/wp\/v2\/pages"}],"about":[{"href":"https:\/\/huesoaceituna.com\/en\/wp-json\/wp\/v2\/types\/page"}],"author":[{"embeddable":true,"href":"https:\/\/huesoaceituna.com\/en\/wp-json\/wp\/v2\/users\/1"}],"replies":[{"embeddable":true,"href":"https:\/\/huesoaceituna.com\/en\/wp-json\/wp\/v2\/comments?post=309"}],"version-history":[{"count":52,"href":"https:\/\/huesoaceituna.com\/en\/wp-json\/wp\/v2\/pages\/309\/revisions"}],"predecessor-version":[{"id":8445,"href":"https:\/\/huesoaceituna.com\/en\/wp-json\/wp\/v2\/pages\/309\/revisions\/8445"}],"wp:attachment":[{"href":"https:\/\/huesoaceituna.com\/en\/wp-json\/wp\/v2\/media?parent=309"}],"wp:term":[{"taxonomy":"dipi_cpt_category","embeddable":true,"href":"https:\/\/huesoaceituna.com\/en\/wp-json\/wp\/v2\/dipi_cpt_category?post=309"}],"curies":[{"name":"wp","href":"https:\/\/api.w.org\/{rel}","templated":true}]}}